{"id":3208,"date":"2021-11-08T21:20:30","date_gmt":"2021-11-08T21:20:30","guid":{"rendered":"https:\/\/pruebaagenciamarketing.com\/demo3\/?page_id=3208"},"modified":"2022-08-26T17:32:20","modified_gmt":"2022-08-26T17:32:20","slug":"quienes-somos","status":"publish","type":"page","link":"https:\/\/rutadelfuego.cl\/index.php\/quienes-somos\/","title":{"rendered":"Qui\u00e9nes somos"},"content":{"rendered":"\t\t<div data-elementor-type=\"wp-page\" data-elementor-id=\"3208\" class=\"elementor elementor-3208\" data-elementor-post-type=\"page\">\n\t\t\t\t\t\t<section class=\"elementor-section elementor-top-section elementor-element elementor-element-d682926 elementor-section-boxed elementor-section-height-default elementor-section-height-default\" data-id=\"d682926\" data-element_type=\"section\" data-e-type=\"section\" data-settings=\"{&quot;background_background&quot;:&quot;classic&quot;}\">\r\n\t\t\r\n\t\t\t\t\t\t\t<div class=\"elementor-container elementor-column-gap-default\">\r\n\t\t\t\t\t\t\t\t\t\t\t<div class=\"elementor-column elementor-col-100 elementor-top-column elementor-element elementor-element-4612289\" data-id=\"4612289\" data-element_type=\"column\" data-e-type=\"column\">\r\n\t\t\t\t\t<div class=\"elementor-widget-wrap elementor-element-populated\">\r\n\t\t\t\t\t\t\t\t<div class=\"elementor-element elementor-element-c3c95f7 elementor-widget elementor-widget-heading\" data-id=\"c3c95f7\" data-element_type=\"widget\" data-e-type=\"widget\" data-widget_type=\"heading.default\">\n\t\t\t\t<div class=\"elementor-widget-container\">\n\t\t\t\t\t<h2 class=\"elementor-heading-title elementor-size-default\">Qui\u00e9nes somos<\/h2>\t\t\t\t<\/div>\n\t\t\t\t<\/div>\n\t\t\t\t\t<\/div>\r\n\t\t\t\t<\/div>\r\n\t\t\t\t\t<\/div>\r\n\t\t\t\t<\/section>\r\n\t\t\t\t<section class=\"elementor-section elementor-top-section elementor-element elementor-element-373e79e elementor-section-boxed elementor-section-height-default elementor-section-height-default\" data-id=\"373e79e\" data-element_type=\"section\" data-e-type=\"section\">\r\n\t\t\r\n\t\t\t\t\t\t\t<div class=\"elementor-container elementor-column-gap-default\">\r\n\t\t\t\t\t\t\t\t\t\t\t<div class=\"elementor-column elementor-col-50 elementor-top-column elementor-element elementor-element-b3255c6\" data-id=\"b3255c6\" data-element_type=\"column\" data-e-type=\"column\">\r\n\t\t\t\t\t<div class=\"elementor-widget-wrap elementor-element-populated\">\r\n\t\t\t\t\t\t\t\t<div class=\"elementor-element elementor-element-8cc0cef elementor-widget elementor-widget-heading\" data-id=\"8cc0cef\" data-element_type=\"widget\" data-e-type=\"widget\" data-widget_type=\"heading.default\">\n\t\t\t\t<div class=\"elementor-widget-container\">\n\t\t\t\t\t<h2 class=\"elementor-heading-title elementor-size-default\">Sobre nuestra empresa<\/h2>\t\t\t\t<\/div>\n\t\t\t\t<\/div>\n\t\t\t\t<div class=\"elementor-element elementor-element-66323de elementor-widget elementor-widget-text-editor\" data-id=\"66323de\" data-element_type=\"widget\" data-e-type=\"widget\" data-widget_type=\"text-editor.default\">\n\t\t\t\t<div class=\"elementor-widget-container\">\n\t\t\t\t\t\t\t\t\t<p><strong>Ruta del fuego<\/strong> re\u00fane todas aquellas formas de cocinar asados, y costumbres de cada pa\u00eds y zona del territorio nacional, si buscas aprender nuevas t\u00e9cnicas de cocci\u00f3n de carnes y guarniciones, aqu\u00ed lo encontrar\u00e1s.\u00a0<\/p><p>Brindamos un servicio personalizado para quienes buscan nuevas experiencias, con productos de alto est\u00e1ndar y dise\u00f1o, una variada amplitud de productos con los cuales podr\u00e1s iniciar y disfrutar con los amigos de un buen asado.<\/p><p align=\"justify\"><strong>Contacto principal<\/strong><\/p><p>+56 9 4498 6392<\/p>\t\t\t\t\t\t\t\t<\/div>\n\t\t\t\t<\/div>\n\t\t\t\t\t<\/div>\r\n\t\t\t\t<\/div>\r\n\t\t\t\t<div class=\"elementor-column elementor-col-50 elementor-top-column elementor-element elementor-element-91111f1\" data-id=\"91111f1\" data-element_type=\"column\" data-e-type=\"column\">\r\n\t\t\t\t\t<div class=\"elementor-widget-wrap elementor-element-populated\">\r\n\t\t\t\t\t\t\t\t<div class=\"elementor-element elementor-element-5df95de elementor-widget elementor-widget-image\" data-id=\"5df95de\" data-element_type=\"widget\" data-e-type=\"widget\" data-widget_type=\"image.default\">\n\t\t\t\t<div class=\"elementor-widget-container\">\n\t\t\t\t\t\t\t\t\t\t\t\t\t\t\t<img fetchpriority=\"high\" decoding=\"async\" width=\"563\" height=\"507\" src=\"https:\/\/rutadelfuego.cl\/wp-content\/uploads\/2022\/08\/logo.jpg\" class=\"attachment-large size-large wp-image-3758\" alt=\"\" srcset=\"https:\/\/rutadelfuego.cl\/wp-content\/uploads\/2022\/08\/logo.jpg 563w, https:\/\/rutadelfuego.cl\/wp-content\/uploads\/2022\/08\/logo-400x360.jpg 400w\" sizes=\"(max-width: 563px) 100vw, 563px\" \/>\t\t\t\t\t\t\t\t\t\t\t\t\t\t\t<\/div>\n\t\t\t\t<\/div>\n\t\t\t\t\t<\/div>\r\n\t\t\t\t<\/div>\r\n\t\t\t\t\t<\/div>\r\n\t\t\t\t<\/section>\r\n\t\t\t\t<\/div>\n\t\t","protected":false},"excerpt":{"rendered":"<p>Qui\u00e9nes somos Sobre nuestra empresa Ruta del fuego re\u00fane todas aquellas formas de cocinar asados, y costumbres de cada pa\u00eds y zona del territorio nacional, si buscas aprender nuevas t\u00e9cnicas de cocci\u00f3n de carnes y guarniciones, aqu\u00ed lo encontrar\u00e1s.\u00a0 Brindamos un servicio personalizado para quienes buscan nuevas experiencias, con productos de alto est\u00e1ndar y dise\u00f1o, [&hellip;]<\/p>\n","protected":false},"author":1,"featured_media":0,"parent":0,"menu_order":0,"comment_status":"closed","ping_status":"closed","template":"","meta":{"footnotes":""},"class_list":["post-3208","page","type-page","status-publish","hentry"],"_links":{"self":[{"href":"https:\/\/rutadelfuego.cl\/index.php\/wp-json\/wp\/v2\/pages\/3208","targetHints":{"allow":["GET"]}}],"collection":[{"href":"https:\/\/rutadelfuego.cl\/index.php\/wp-json\/wp\/v2\/pages"}],"about":[{"href":"https:\/\/rutadelfuego.cl\/index.php\/wp-json\/wp\/v2\/types\/page"}],"author":[{"embeddable":true,"href":"https:\/\/rutadelfuego.cl\/index.php\/wp-json\/wp\/v2\/users\/1"}],"replies":[{"embeddable":true,"href":"https:\/\/rutadelfuego.cl\/index.php\/wp-json\/wp\/v2\/comments?post=3208"}],"version-history":[{"count":23,"href":"https:\/\/rutadelfuego.cl\/index.php\/wp-json\/wp\/v2\/pages\/3208\/revisions"}],"predecessor-version":[{"id":3803,"href":"https:\/\/rutadelfuego.cl\/index.php\/wp-json\/wp\/v2\/pages\/3208\/revisions\/3803"}],"wp:attachment":[{"href":"https:\/\/rutadelfuego.cl\/index.php\/wp-json\/wp\/v2\/media?parent=3208"}],"curies":[{"name":"wp","href":"https:\/\/api.w.org\/{rel}","templated":true}]}}