{"id":3919,"date":"2022-09-04T23:19:14","date_gmt":"2022-09-04T23:19:14","guid":{"rendered":"https:\/\/rutadelfuego.cl\/?post_type=product&#038;p=3919"},"modified":"2025-10-04T19:12:54","modified_gmt":"2025-10-04T19:12:54","slug":"kb10-grande-negro","status":"publish","type":"product","link":"https:\/\/rutadelfuego.cl\/index.php\/producto\/kb10-grande-negro\/","title":{"rendered":"KB10 GRANDE Negro"},"content":{"rendered":"<p><strong>ALTURA TOTAL<\/strong>:\u00a0\u00a0\u00a0\u00a0\u00a0\u00a0\u00a0\u00a0\u00a0\u00a0\u00a0\u00a0\u00a0\u00a0\u00a0\u00a0\u00a0\u00a0\u00a0\u00a0\u00a0\u00a0\u00a0\u00a0\u00a0\u00a0\u00a0\u00a0\u00a0\u00a0\u00a0\u00a0\u00a0 Aprox. 110cm (con carro)<\/p>\n<p><strong>DI\u00c1METRO EXTERIOR:<\/strong>\u00a0\u00a0\u00a0\u00a0\u00a0\u00a0\u00a0\u00a0\u00a0\u00a0\u00a0\u00a0\u00a0\u00a0\u00a0\u00a0\u00a0\u00a0\u00a0\u00a0\u00a0\u00a0\u00a0 Aprox. 60cm<\/p>\n<p><strong>DI\u00c1METRO INTERIOR<\/strong>:\u00a0\u00a0\u00a0\u00a0\u00a0\u00a0\u00a0\u00a0\u00a0\u00a0\u00a0\u00a0\u00a0\u00a0\u00a0\u00a0\u00a0\u00a0\u00a0\u00a0\u00a0\u00a0\u00a0\u00a0 Aprox. 53cm<\/p>\n<p><strong>PESO<\/strong>:\u00a0\u00a0\u00a0\u00a0\u00a0\u00a0\u00a0\u00a0\u00a0\u00a0\u00a0\u00a0\u00a0\u00a0\u00a0\u00a0\u00a0\u00a0\u00a0\u00a0\u00a0\u00a0\u00a0\u00a0\u00a0\u00a0\u00a0\u00a0\u00a0\u00a0\u00a0\u00a0\u00a0\u00a0\u00a0\u00a0\u00a0\u00a0\u00a0\u00a0\u00a0\u00a0\u00a0\u00a0\u00a0\u00a0\u00a0\u00a0\u00a0\u00a0 Aprox. 100Kg<\/p>\n<p><strong>MATERIALES<\/strong>:\u00a0\u00a0\u00a0\u00a0\u00a0\u00a0\u00a0\u00a0\u00a0\u00a0\u00a0\u00a0\u00a0\u00a0\u00a0\u00a0\u00a0\u00a0\u00a0\u00a0\u00a0\u00a0\u00a0\u00a0\u00a0\u00a0\u00a0\u00a0\u00a0\u00a0\u00a0\u00a0\u00a0\u00a0\u00a0\u00a0\u00a0\u00a0 Arcilla \/ acero inoxidable \/ aluminio \/ madera<\/p>\n<p><strong>CANTIDAD REQUERIDA DE CARB\u00d3N<\/strong>: M\u00e1ximo 1,5 Kg<\/p>\n<p><strong>CAPACIDAD<\/strong>:\u00a0\u00a0\u00a0\u00a0\u00a0\u00a0\u00a0\u00a0\u00a0\u00a0\u00a0\u00a0\u00a0\u00a0\u00a0\u00a0\u00a0\u00a0\u00a0\u00a0\u00a0\u00a0\u00a0\u00a0\u00a0\u00a0\u00a0\u00a0\u00a0\u00a0\u00a0\u00a0\u00a0\u00a0\u00a0\u00a0\u00a0\u00a0\u00a0 Para hasta 15 personas<\/p>\n<p><strong>AUTOMAN\u00cdA:\u00a0\u00a0\u00a0\u00a0\u00a0\u00a0\u00a0\u00a0\u00a0\u00a0\u00a0\u00a0\u00a0\u00a0\u00a0\u00a0\u00a0\u00a0\u00a0\u00a0\u00a0\u00a0\u00a0\u00a0\u00a0\u00a0\u00a0\u00a0\u00a0\u00a0\u00a0\u00a0\u00a0\u00a0\u00a0\u00a0\u00a0\u00a0\u00a0 <\/strong>10 a 17hs de cocci\u00f3n con tan solo 1,5 kgs de carb\u00f3n<\/p>\n<p><strong>ORIGEN<\/strong>:\u00a0\u00a0\u00a0\u00a0\u00a0\u00a0\u00a0\u00a0\u00a0\u00a0\u00a0\u00a0\u00a0\u00a0\u00a0\u00a0\u00a0\u00a0\u00a0\u00a0\u00a0\u00a0\u00a0\u00a0\u00a0\u00a0\u00a0\u00a0\u00a0\u00a0\u00a0\u00a0\u00a0\u00a0\u00a0\u00a0\u00a0\u00a0\u00a0\u00a0\u00a0\u00a0\u00a0\u00a0\u00a0\u00a0 Hecho 100% a mano en Chile para el mundo<\/p>\n<p><strong>FUSI\u00d3N<\/strong>: \u00a0\u00a0\u00a0\u00a0\u00a0\u00a0\u00a0\u00a0\u00a0\u00a0\u00a0\u00a0\u00a0\u00a0\u00a0\u00a0\u00a0\u00a0\u00a0\u00a0\u00a0\u00a0\u00a0\u00a0\u00a0\u00a0\u00a0\u00a0\u00a0\u00a0\u00a0\u00a0\u00a0\u00a0\u00a0\u00a0\u00a0\u00a0\u00a0\u00a0\u00a0\u00a0\u00a0\u00a0\u00a0\u00a0 De horno de barro, parrilla , ahumadero y salamandra<\/p>\n<p><strong>TIEMPO DE ENCENDIDO<\/strong>: \u00a0\u00a0\u00a0\u00a0\u00a0\u00a0\u00a0\u00a0\u00a0\u00a0\u00a0\u00a0\u00a0\u00a0\u00a0\u00a0\u00a0\u00a0\u00a0 Encendido completo en 15\u2019 sin vueltas, pre\u00e1mbulos ni accesorios secundarios<\/p>\n<p><strong>DIFERENCIADOR<\/strong>:\u00a0\u00a0\u00a0\u00a0\u00a0\u00a0\u00a0\u00a0\u00a0\u00a0\u00a0\u00a0\u00a0\u00a0\u00a0\u00a0\u00a0\u00a0\u00a0\u00a0\u00a0\u00a0\u00a0\u00a0\u00a0\u00a0\u00a0\u00a0\u00a0\u00a0\u00a0\u00a0 Escasa emisi\u00f3n de humo y olor<\/p>\n<p><strong>COCCI\u00d3N<\/strong>: \u00a0\u00a0\u00a0\u00a0\u00a0\u00a0\u00a0\u00a0\u00a0\u00a0\u00a0\u00a0\u00a0\u00a0\u00a0\u00a0\u00a0\u00a0\u00a0\u00a0\u00a0\u00a0\u00a0\u00a0\u00a0\u00a0\u00a0\u00a0\u00a0\u00a0\u00a0\u00a0\u00a0\u00a0\u00a0\u00a0\u00a0\u00a0\u00a0\u00a0\u00a0\u00a0\u00a0 Calor envolvente, logrando alimentos m\u00e1s tiernos, jugosos y sabrosos<\/p>\n<p>&nbsp;<\/p>\n<p>Su pedido ser\u00e1 despachado en 10 d\u00edas h\u00e1biles<\/p>\n","protected":false},"excerpt":{"rendered":"<p>Con KB10 Grande deja volar tu imaginaci\u00f3n.<br \/>\nPrepara una cena para 2 o deliciosos platos para 20 personas. Convi\u00e9rtase en el chef de la casa y deleite a familiares y amigos con una experiencia culinaria \u00fanica.<\/p>\n<p>El KB10 Grande se entrega completamente preensamblado para garantizar el funcionamiento \u00f3ptimo del producto. Despu\u00e9s de desembalar y configurar el carrito incluido, puede comenzar a cocinar inmediatamente. \u00a1Haga su pedido, busque el lugar deseado, cocine y disfrute de sabores \u00fanicos!<\/p>\n<p class=\"big-text\">Porqu\u00e9 Kamado B10 Grande<\/p>\n<p>&#8211; Hecho 100% a mano en Chile para el mundo.<br \/>\n&#8211; Fusi\u00f3n de horno de barro, parrilla, ahumadero y salamandra.<br \/>\n&#8211; Encendido completo en 15&#8242; sin vueltas, pre\u00e1mbulos ni accesorios secundarios.<br \/>\n&#8211; Autonom\u00eda de hasta 12 hrs. de cocci\u00f3n con tan s\u00f3lo 1,5 kgs de carb\u00f3n.<br \/>\n&#8211; Escasa emisi\u00f3n de humo y olor.<br \/>\n&#8211; Cocci\u00f3n con calor envolvente, logrando alimentos m\u00e1s tiernos, jugosos y sabrosos.<\/p>\n<p class=\"big-text\">Incluye<\/p>\n<ul>\n<li>Cuerpo, tapa, firebox, firering y crisol est\u00e1n hechos a mano de arcilla<\/li>\n<li>V\u00e1lvula de 2 partes en la tapa de aluminio fundido<\/li>\n<li>V\u00e1lvula de fondo y anillos de bloqueo con bisagra de acero inoxidable<\/li>\n<li>Mango de madera<\/li>\n<li>3 pies separados hechos a mano de arcilla<\/li>\n<li>Parrilla hecha de acero sin tratar o acero inoxidable a elecci\u00f3n<\/li>\n<li>Removedor de cenizas con mango de resorte de acero inoxidable<\/li>\n<li>Carro de madera de abeto Douglas resistente a la intemperie con 4 ruedas (2 de ellas con freno)<\/li>\n<\/ul>\n","protected":false},"featured_media":3920,"template":"","meta":[],"product_brand":[],"product_cat":[37],"product_tag":[],"class_list":{"0":"post-3919","1":"product","2":"type-product","3":"status-publish","4":"has-post-thumbnail","6":"product_cat-kamados-b10","8":"first","9":"instock","10":"featured","11":"shipping-taxable","12":"purchasable","13":"product-type-simple"},"_links":{"self":[{"href":"https:\/\/rutadelfuego.cl\/index.php\/wp-json\/wp\/v2\/product\/3919","targetHints":{"allow":["GET"]}}],"collection":[{"href":"https:\/\/rutadelfuego.cl\/index.php\/wp-json\/wp\/v2\/product"}],"about":[{"href":"https:\/\/rutadelfuego.cl\/index.php\/wp-json\/wp\/v2\/types\/product"}],"wp:featuredmedia":[{"embeddable":true,"href":"https:\/\/rutadelfuego.cl\/index.php\/wp-json\/wp\/v2\/media\/3920"}],"wp:attachment":[{"href":"https:\/\/rutadelfuego.cl\/index.php\/wp-json\/wp\/v2\/media?parent=3919"}],"wp:term":[{"taxonomy":"product_brand","embeddable":true,"href":"https:\/\/rutadelfuego.cl\/index.php\/wp-json\/wp\/v2\/product_brand?post=3919"},{"taxonomy":"product_cat","embeddable":true,"href":"https:\/\/rutadelfuego.cl\/index.php\/wp-json\/wp\/v2\/product_cat?post=3919"},{"taxonomy":"product_tag","embeddable":true,"href":"https:\/\/rutadelfuego.cl\/index.php\/wp-json\/wp\/v2\/product_tag?post=3919"}],"curies":[{"name":"wp","href":"https:\/\/api.w.org\/{rel}","templated":true}]}}