{"id":4057,"date":"2022-09-13T21:24:09","date_gmt":"2022-09-13T21:24:09","guid":{"rendered":"https:\/\/rutadelfuego.cl\/?post_type=product&#038;p=4057"},"modified":"2024-06-17T14:00:51","modified_gmt":"2024-06-17T14:00:51","slug":"parrilla-redonda-elevada-nano-inox-kb10","status":"publish","type":"product","link":"https:\/\/rutadelfuego.cl\/index.php\/producto\/parrilla-redonda-elevada-nano-inox-kb10\/","title":{"rendered":"Parrilla Redonda Elevada Nano inox KB10"},"content":{"rendered":"","protected":false},"excerpt":{"rendered":"<p>Nuestras parrillas para el KB10 est\u00e1 disponible en dos versiones diferentes, ya sea de acero inoxidable o de acero sin tratar.<br \/>\n<strong>Apta para KB10 Nano.<\/strong><\/p>\n<p>DETALLES<\/p>\n<p>Las parrillas de acero inoxidable se pueden lavar con agua y detergente para platos.<br \/>\nLas parrillas de acero no est\u00e1n cromadas y, por lo tanto, est\u00e1n completamente sin tratar. Se entregan prelubricados con aceite de cocina y desarrollar\u00e1n una p\u00e1tina desde el primer uso.<br \/>\nEl acero sin tratar ofrece una conducci\u00f3n de calor \u00f3ptima en comparaci\u00f3n con otros materiales. Y es m\u00e1s ecol\u00f3gico.<br \/>\nAdem\u00e1s, nuestras parrillas tienen una abertura frontal, que le permiten agregar astillas \/ trozos de madera para poder mejorar el ahumado d\u00e1ndole a sus platos los sabores \u00fanicos.<\/p>\n<p><small>*No lave con detergentes las parrillas de acero sin tratar.<br \/>\nLa suciedad intensa se puede quitar f\u00e1cilmente con un cepillo<\/small><\/p>\n<p class=\"big-text\">Medidas generales<\/p>\n<ul>\n<li><b>Di\u00e1metro:<\/b>\u00a032 cm<\/li>\n<li><b>Alto:<\/b>\u00a03 cm<\/li>\n<\/ul>\n","protected":false},"featured_media":4060,"template":"","meta":[],"product_cat":[54],"product_tag":[],"class_list":{"0":"post-4057","1":"product","2":"type-product","3":"status-publish","4":"has-post-thumbnail","6":"product_cat-accesorios","8":"first","9":"instock","10":"shipping-taxable","11":"purchasable","12":"product-type-simple"},"_links":{"self":[{"href":"https:\/\/rutadelfuego.cl\/index.php\/wp-json\/wp\/v2\/product\/4057","targetHints":{"allow":["GET"]}}],"collection":[{"href":"https:\/\/rutadelfuego.cl\/index.php\/wp-json\/wp\/v2\/product"}],"about":[{"href":"https:\/\/rutadelfuego.cl\/index.php\/wp-json\/wp\/v2\/types\/product"}],"wp:featuredmedia":[{"embeddable":true,"href":"https:\/\/rutadelfuego.cl\/index.php\/wp-json\/wp\/v2\/media\/4060"}],"wp:attachment":[{"href":"https:\/\/rutadelfuego.cl\/index.php\/wp-json\/wp\/v2\/media?parent=4057"}],"wp:term":[{"taxonomy":"product_cat","embeddable":true,"href":"https:\/\/rutadelfuego.cl\/index.php\/wp-json\/wp\/v2\/product_cat?post=4057"},{"taxonomy":"product_tag","embeddable":true,"href":"https:\/\/rutadelfuego.cl\/index.php\/wp-json\/wp\/v2\/product_tag?post=4057"}],"curies":[{"name":"wp","href":"https:\/\/api.w.org\/{rel}","templated":true}]}}