{"id":4331,"date":"2022-10-22T03:13:32","date_gmt":"2022-10-22T03:13:32","guid":{"rendered":"https:\/\/rutadelfuego.cl\/?post_type=product&#038;p=4331"},"modified":"2023-04-27T14:29:48","modified_gmt":"2023-04-27T14:29:48","slug":"dutch-oven-38-lts","status":"publish","type":"product","link":"https:\/\/rutadelfuego.cl\/index.php\/producto\/dutch-oven-38-lts\/","title":{"rendered":"Horno Holand\u00e9s de Hierro Fundido 3.8 Litros"},"content":{"rendered":"","protected":false},"excerpt":{"rendered":"<p>Nuestro olla de hierro fundido u horno holand\u00e9s Victoria, es el utensilio ideal para cocinar a fuego lento. Perfecto para estofados, arroz, pollo marinado, pan horneado y mucho m\u00e1s.<\/p>\n<p>Este horno holand\u00e9s se ha convertido en el preferido por muchos cocineros por su gran capacidad de distribuir y retener el calor uniformemente y por m\u00e1s tiempo, d\u00e1ndole un toque \u00fanico a cada preparaci\u00f3n.<\/p>\n<p>Sus tapas tienen protuberancias, o puntos y su funci\u00f3n es devolver la humedad a toda el \u00e1rea de cocci\u00f3n de forma homog\u00e9nea, roci\u00e1ndolas continuamente con los deliciosos jugos sin desperdiciar ni una gota de sabor.<\/p>\n<table class=\"woocommerce-product-attributes shop_attributes\">\n<tbody>\n<tr class=\"woocommerce-product-attributes-item woocommerce-product-attributes-item--weight\">\n<th class=\"woocommerce-product-attributes-item__label\">Peso<\/th>\n<td class=\"woocommerce-product-attributes-item__value\">5.3 kg<\/td>\n<\/tr>\n<tr class=\"woocommerce-product-attributes-item woocommerce-product-attributes-item--dimensions\">\n<th class=\"woocommerce-product-attributes-item__label\">Dimensiones<\/th>\n<td class=\"woocommerce-product-attributes-item__value\">32 \u00d7 26 \u00d7 15 cm<\/td>\n<\/tr>\n<tr class=\"woocommerce-product-attributes-item woocommerce-product-attributes-item--attribute_alto-olla\">\n<th class=\"woocommerce-product-attributes-item__label\">Alto Olla<\/th>\n<td class=\"woocommerce-product-attributes-item__value\">9 cm<\/td>\n<\/tr>\n<tr class=\"woocommerce-product-attributes-item woocommerce-product-attributes-item--attribute_superficie-de-cocci%c3%b3n\">\n<th class=\"woocommerce-product-attributes-item__label\">Superficie de cocci\u00f3n<\/th>\n<td class=\"woocommerce-product-attributes-item__value\">25.4 cm \u00d8<\/td>\n<\/tr>\n<tr class=\"woocommerce-product-attributes-item woocommerce-product-attributes-item--attribute_capacidad\">\n<th class=\"woocommerce-product-attributes-item__label\">Capacidad<\/th>\n<td class=\"woocommerce-product-attributes-item__value\">3.8 L<\/td>\n<\/tr>\n<tr class=\"woocommerce-product-attributes-item woocommerce-product-attributes-item--attribute_caracter%c3%adsticas\">\n<th class=\"woocommerce-product-attributes-item__label\">Caracter\u00edsticas<\/th>\n<td class=\"woocommerce-product-attributes-item__value\">Retenci\u00f3n superior del calor.<br \/>\nApto para estufa de gas, inducci\u00f3n, cer\u00e1mica, horno y fuego directo como parrilla y fogata.<br \/>\nHecho en Colombia<\/td>\n<\/tr>\n<\/tbody>\n<\/table>\n","protected":false},"featured_media":4334,"template":"","meta":[],"product_cat":[152],"product_tag":[],"class_list":{"0":"post-4331","1":"product","2":"type-product","3":"status-publish","4":"has-post-thumbnail","6":"product_cat-hierro-fundido-cocina","8":"first","9":"instock","10":"featured","11":"shipping-taxable","12":"purchasable","13":"product-type-simple"},"_links":{"self":[{"href":"https:\/\/rutadelfuego.cl\/index.php\/wp-json\/wp\/v2\/product\/4331","targetHints":{"allow":["GET"]}}],"collection":[{"href":"https:\/\/rutadelfuego.cl\/index.php\/wp-json\/wp\/v2\/product"}],"about":[{"href":"https:\/\/rutadelfuego.cl\/index.php\/wp-json\/wp\/v2\/types\/product"}],"wp:featuredmedia":[{"embeddable":true,"href":"https:\/\/rutadelfuego.cl\/index.php\/wp-json\/wp\/v2\/media\/4334"}],"wp:attachment":[{"href":"https:\/\/rutadelfuego.cl\/index.php\/wp-json\/wp\/v2\/media?parent=4331"}],"wp:term":[{"taxonomy":"product_cat","embeddable":true,"href":"https:\/\/rutadelfuego.cl\/index.php\/wp-json\/wp\/v2\/product_cat?post=4331"},{"taxonomy":"product_tag","embeddable":true,"href":"https:\/\/rutadelfuego.cl\/index.php\/wp-json\/wp\/v2\/product_tag?post=4331"}],"curies":[{"name":"wp","href":"https:\/\/api.w.org\/{rel}","templated":true}]}}