{"id":4345,"date":"2022-10-22T03:25:15","date_gmt":"2022-10-22T03:25:15","guid":{"rendered":"https:\/\/rutadelfuego.cl\/?post_type=product&#038;p=4345"},"modified":"2022-10-29T12:44:57","modified_gmt":"2022-10-29T12:44:57","slug":"molde-de-lasagna","status":"publish","type":"product","link":"https:\/\/rutadelfuego.cl\/index.php\/producto\/molde-de-lasagna\/","title":{"rendered":"Molde para Lasa\u00f1a de Hierro Fundido"},"content":{"rendered":"","protected":false},"excerpt":{"rendered":"<p>Nuestro molde para lasa\u00f1a es el utensilio perfecto para sacar del horno caliente y llevar directamente a la mesa. No solo podr\u00e1s preparar lasa\u00f1a, sino tambi\u00e9n pan horneado, tortas, guarniciones y mucho m\u00e1s.<\/p>\n<p>Descubre los beneficios del hierro fundido, como la distribuci\u00f3n y retenci\u00f3n del calor que permitir\u00e1 una cocci\u00f3n uniforme de tus alimentos y los mantendr\u00e1 calientes durante mucho m\u00e1s tiempo.<\/p>\n<table class=\"woocommerce-product-attributes shop_attributes\">\n<tbody>\n<tr class=\"woocommerce-product-attributes-item woocommerce-product-attributes-item--weight\">\n<th class=\"woocommerce-product-attributes-item__label\">Peso<\/th>\n<td class=\"woocommerce-product-attributes-item__value\">1.1 kg<\/td>\n<\/tr>\n<tr class=\"woocommerce-product-attributes-item woocommerce-product-attributes-item--dimensions\">\n<th class=\"woocommerce-product-attributes-item__label\">Dimensiones<\/th>\n<td class=\"woocommerce-product-attributes-item__value\">23 \u00d7 12 \u00d7 5 cm<\/td>\n<\/tr>\n<tr class=\"woocommerce-product-attributes-item woocommerce-product-attributes-item--attribute_capacidad\">\n<th class=\"woocommerce-product-attributes-item__label\">Capacidad<\/th>\n<td class=\"woocommerce-product-attributes-item__value\">1.1 L<\/td>\n<\/tr>\n<tr class=\"woocommerce-product-attributes-item woocommerce-product-attributes-item--attribute_superficie-de-cocci%c3%b3n\">\n<th class=\"woocommerce-product-attributes-item__label\">Superficie de cocci\u00f3n<\/th>\n<td class=\"woocommerce-product-attributes-item__value\">18 x 12 cm<\/td>\n<\/tr>\n<tr class=\"woocommerce-product-attributes-item woocommerce-product-attributes-item--attribute_caracter%c3%adsticas\">\n<th class=\"woocommerce-product-attributes-item__label\">Caracter\u00edsticas<\/th>\n<td class=\"woocommerce-product-attributes-item__value\">Retenci\u00f3n superior del calor.<br \/>\nApto para estufa de gas, inducci\u00f3n, cer\u00e1mica, horno y fuego directo como parrilla y fogata.<br \/>\nHecho en Colombia<\/td>\n<\/tr>\n<\/tbody>\n<\/table>\n","protected":false},"featured_media":4352,"template":"","meta":[],"product_brand":[],"product_cat":[152],"product_tag":[],"class_list":{"0":"post-4345","1":"product","2":"type-product","3":"status-publish","4":"has-post-thumbnail","6":"product_cat-hierro-fundido-cocina","8":"first","9":"instock","10":"shipping-taxable","11":"purchasable","12":"product-type-simple"},"_links":{"self":[{"href":"https:\/\/rutadelfuego.cl\/index.php\/wp-json\/wp\/v2\/product\/4345","targetHints":{"allow":["GET"]}}],"collection":[{"href":"https:\/\/rutadelfuego.cl\/index.php\/wp-json\/wp\/v2\/product"}],"about":[{"href":"https:\/\/rutadelfuego.cl\/index.php\/wp-json\/wp\/v2\/types\/product"}],"wp:featuredmedia":[{"embeddable":true,"href":"https:\/\/rutadelfuego.cl\/index.php\/wp-json\/wp\/v2\/media\/4352"}],"wp:attachment":[{"href":"https:\/\/rutadelfuego.cl\/index.php\/wp-json\/wp\/v2\/media?parent=4345"}],"wp:term":[{"taxonomy":"product_brand","embeddable":true,"href":"https:\/\/rutadelfuego.cl\/index.php\/wp-json\/wp\/v2\/product_brand?post=4345"},{"taxonomy":"product_cat","embeddable":true,"href":"https:\/\/rutadelfuego.cl\/index.php\/wp-json\/wp\/v2\/product_cat?post=4345"},{"taxonomy":"product_tag","embeddable":true,"href":"https:\/\/rutadelfuego.cl\/index.php\/wp-json\/wp\/v2\/product_tag?post=4345"}],"curies":[{"name":"wp","href":"https:\/\/api.w.org\/{rel}","templated":true}]}}