{"id":4360,"date":"2022-10-22T03:34:16","date_gmt":"2022-10-22T03:34:16","guid":{"rendered":"https:\/\/rutadelfuego.cl\/?post_type=product&#038;p=4360"},"modified":"2022-10-29T12:54:38","modified_gmt":"2022-10-29T12:54:38","slug":"4360","status":"publish","type":"product","link":"https:\/\/rutadelfuego.cl\/index.php\/producto\/4360\/","title":{"rendered":"Prensa para Carne de Hierro Fundido 10.9 x 21 cm"},"content":{"rendered":"","protected":false},"excerpt":{"rendered":"<p>Nuestra prensa de carne es perfecta para evitar que la tocineta o el jam\u00f3n pierdan su tama\u00f1o al sofre\u00edr. Elimina las grasas que no deseas en tus carnes de hamburguesa o embutidos. Podr\u00e1s calentar la prensa para carne directamente sobre la fuente de calor y luego colocar sin hacer presi\u00f3n sobre un buen corte de carne mientras se asa y as\u00ed sellar por ambas caras, conservando sus jugos internos.<\/p>\n<p>Descubre los beneficios del hierro fundido, como la distribuci\u00f3n y retenci\u00f3n del calor que permitir\u00e1 una cocci\u00f3n uniforme de tus alimentos y los mantendr\u00e1 calientes durante mucho m\u00e1s tiempo.<\/p>\n<table class=\"woocommerce-product-attributes shop_attributes\">\n<tbody>\n<tr class=\"woocommerce-product-attributes-item woocommerce-product-attributes-item--weight\">\n<th class=\"woocommerce-product-attributes-item__label\">Peso<\/th>\n<td class=\"woocommerce-product-attributes-item__value\">1.15 kg<\/td>\n<\/tr>\n<tr class=\"woocommerce-product-attributes-item woocommerce-product-attributes-item--dimensions\">\n<th class=\"woocommerce-product-attributes-item__label\">Dimensiones<\/th>\n<td class=\"woocommerce-product-attributes-item__value\">21 \u00d7 10.9 \u00d7 7.3 cm<\/td>\n<\/tr>\n<tr class=\"woocommerce-product-attributes-item woocommerce-product-attributes-item--attribute_superficie-de-prensa\">\n<th class=\"woocommerce-product-attributes-item__label\">Superficie de prensa<\/th>\n<td class=\"woocommerce-product-attributes-item__value\">10.9 x 21 cm<\/td>\n<\/tr>\n<tr class=\"woocommerce-product-attributes-item woocommerce-product-attributes-item--attribute_caracter%c3%adsticas\">\n<th class=\"woocommerce-product-attributes-item__label\">Caracter\u00edsticas<\/th>\n<td class=\"woocommerce-product-attributes-item__value\">Retenci\u00f3n superior del calor.<br \/>\nApto para estufa de gas, inducci\u00f3n, cer\u00e1mica, horno y fuego directo como parrilla y fogata.<br \/>\nHecho en Colombia<\/td>\n<\/tr>\n<\/tbody>\n<\/table>\n","protected":false},"featured_media":4369,"template":"","meta":[],"product_cat":[54],"product_tag":[],"class_list":{"0":"post-4360","1":"product","2":"type-product","3":"status-publish","4":"has-post-thumbnail","6":"product_cat-accesorios","8":"first","9":"instock","10":"shipping-taxable","11":"purchasable","12":"product-type-simple"},"_links":{"self":[{"href":"https:\/\/rutadelfuego.cl\/index.php\/wp-json\/wp\/v2\/product\/4360","targetHints":{"allow":["GET"]}}],"collection":[{"href":"https:\/\/rutadelfuego.cl\/index.php\/wp-json\/wp\/v2\/product"}],"about":[{"href":"https:\/\/rutadelfuego.cl\/index.php\/wp-json\/wp\/v2\/types\/product"}],"wp:featuredmedia":[{"embeddable":true,"href":"https:\/\/rutadelfuego.cl\/index.php\/wp-json\/wp\/v2\/media\/4369"}],"wp:attachment":[{"href":"https:\/\/rutadelfuego.cl\/index.php\/wp-json\/wp\/v2\/media?parent=4360"}],"wp:term":[{"taxonomy":"product_cat","embeddable":true,"href":"https:\/\/rutadelfuego.cl\/index.php\/wp-json\/wp\/v2\/product_cat?post=4360"},{"taxonomy":"product_tag","embeddable":true,"href":"https:\/\/rutadelfuego.cl\/index.php\/wp-json\/wp\/v2\/product_tag?post=4360"}],"curies":[{"name":"wp","href":"https:\/\/api.w.org\/{rel}","templated":true}]}}