{"id":4375,"date":"2022-10-24T11:26:28","date_gmt":"2022-10-24T11:26:28","guid":{"rendered":"https:\/\/rutadelfuego.cl\/?post_type=product&#038;p=4375"},"modified":"2023-02-02T02:15:25","modified_gmt":"2023-02-02T02:15:25","slug":"santen-profundo","status":"publish","type":"product","link":"https:\/\/rutadelfuego.cl\/index.php\/producto\/santen-profundo\/","title":{"rendered":"Sart\u00e9n Profundo de Hierro Fundido 1.89L"},"content":{"rendered":"","protected":false},"excerpt":{"rendered":"<p>Nuestro sart\u00e9n profundo de hierro fundido es perfecto para preparar esas recetas especiales, entradas o postres que tanto le gustan a tu familia. Puedes preparar fondue de queso, salsas, chocolate derretido y m\u00e1s!<\/p>\n<p>Disfruta de los beneficios del hierro fundido como la distribuci\u00f3n y retenci\u00f3n del calor que permitir\u00e1 una cocci\u00f3n uniforme de tus alimentos y los mantendr\u00e1 calientes durante mucho m\u00e1s tiempo.<\/p>\n<p><a href=\"https:\/\/victoria.com.co\/categoria\/sartenes\/\"><strong>Conoce nuestra l\u00ednea completa de Sartenes Victoria<\/strong><\/a><\/p>\n<table class=\"woocommerce-product-attributes shop_attributes\">\n<tbody>\n<tr class=\"woocommerce-product-attributes-item woocommerce-product-attributes-item--weight\">\n<th class=\"woocommerce-product-attributes-item__label\">Peso<\/th>\n<td class=\"woocommerce-product-attributes-item__value\">2 kg<\/td>\n<\/tr>\n<tr class=\"woocommerce-product-attributes-item woocommerce-product-attributes-item--dimensions\">\n<th class=\"woocommerce-product-attributes-item__label\">Dimensiones<\/th>\n<td class=\"woocommerce-product-attributes-item__value\">33.1 \u00d7 22.7 \u00d7 8.2 cm<\/td>\n<\/tr>\n<tr class=\"woocommerce-product-attributes-item woocommerce-product-attributes-item--attribute_superficie-de-cocci%c3%b3n\">\n<th class=\"woocommerce-product-attributes-item__label\">Superficie de cocci\u00f3n<\/th>\n<td class=\"woocommerce-product-attributes-item__value\">16 cm \u00d8<\/td>\n<\/tr>\n<tr class=\"woocommerce-product-attributes-item woocommerce-product-attributes-item--attribute_capacidad\">\n<th class=\"woocommerce-product-attributes-item__label\">Capacidad<\/th>\n<td class=\"woocommerce-product-attributes-item__value\">1,8 L<\/td>\n<\/tr>\n<tr class=\"woocommerce-product-attributes-item woocommerce-product-attributes-item--attribute_caracter%c3%adsticas\">\n<th class=\"woocommerce-product-attributes-item__label\">Caracter\u00edsticas<\/th>\n<td class=\"woocommerce-product-attributes-item__value\">Retenci\u00f3n superior del calor.<br \/>\nApto para estufa de gas, inducci\u00f3n, cer\u00e1mica, horno y fuego directo como parrilla y fogata.<br \/>\nHecho en Colombia<br \/>\nPuede usar la tapa de vidrio de 20cm<\/td>\n<\/tr>\n<\/tbody>\n<\/table>\n<p>&nbsp;<\/p>\n","protected":false},"featured_media":4328,"template":"","meta":[],"product_cat":[152],"product_tag":[],"class_list":{"0":"post-4375","1":"product","2":"type-product","3":"status-publish","4":"has-post-thumbnail","6":"product_cat-hierro-fundido-cocina","8":"first","9":"outofstock","10":"shipping-taxable","11":"purchasable","12":"product-type-simple"},"_links":{"self":[{"href":"https:\/\/rutadelfuego.cl\/index.php\/wp-json\/wp\/v2\/product\/4375","targetHints":{"allow":["GET"]}}],"collection":[{"href":"https:\/\/rutadelfuego.cl\/index.php\/wp-json\/wp\/v2\/product"}],"about":[{"href":"https:\/\/rutadelfuego.cl\/index.php\/wp-json\/wp\/v2\/types\/product"}],"wp:featuredmedia":[{"embeddable":true,"href":"https:\/\/rutadelfuego.cl\/index.php\/wp-json\/wp\/v2\/media\/4328"}],"wp:attachment":[{"href":"https:\/\/rutadelfuego.cl\/index.php\/wp-json\/wp\/v2\/media?parent=4375"}],"wp:term":[{"taxonomy":"product_cat","embeddable":true,"href":"https:\/\/rutadelfuego.cl\/index.php\/wp-json\/wp\/v2\/product_cat?post=4375"},{"taxonomy":"product_tag","embeddable":true,"href":"https:\/\/rutadelfuego.cl\/index.php\/wp-json\/wp\/v2\/product_tag?post=4375"}],"curies":[{"name":"wp","href":"https:\/\/api.w.org\/{rel}","templated":true}]}}